{"id":1492,"date":"2021-04-08T10:18:44","date_gmt":"2021-04-08T10:18:44","guid":{"rendered":"https:\/\/marbelladentalarts.com\/?page_id=1492"},"modified":"2021-04-08T10:26:18","modified_gmt":"2021-04-08T10:26:18","slug":"aviso-legal","status":"publish","type":"page","link":"https:\/\/marbelladentalarts.com\/es\/aviso-legal\/","title":{"rendered":"Aviso Legal"},"content":{"rendered":"\t\t<div data-elementor-type=\"wp-page\" data-elementor-id=\"1492\" class=\"elementor elementor-1492\" data-elementor-post-type=\"page\">\n\t\t\t\t\t\t<section class=\"elementor-section elementor-top-section elementor-element elementor-element-0cbf8e1 elementor-section-boxed elementor-section-height-default elementor-section-height-default\" data-id=\"0cbf8e1\" data-element_type=\"section\" data-settings=\"{&quot;jet_parallax_layout_list&quot;:[{&quot;jet_parallax_layout_image&quot;:{&quot;url&quot;:&quot;&quot;,&quot;id&quot;:&quot;&quot;,&quot;size&quot;:&quot;&quot;},&quot;_id&quot;:&quot;5e14d6b&quot;,&quot;jet_parallax_layout_image_tablet&quot;:{&quot;url&quot;:&quot;&quot;,&quot;id&quot;:&quot;&quot;,&quot;size&quot;:&quot;&quot;},&quot;jet_parallax_layout_image_mobile&quot;:{&quot;url&quot;:&quot;&quot;,&quot;id&quot;:&quot;&quot;,&quot;size&quot;:&quot;&quot;},&quot;jet_parallax_layout_speed&quot;:{&quot;unit&quot;:&quot;%&quot;,&quot;size&quot;:50,&quot;sizes&quot;:[]},&quot;jet_parallax_layout_type&quot;:&quot;scroll&quot;,&quot;jet_parallax_layout_direction&quot;:&quot;1&quot;,&quot;jet_parallax_layout_fx_direction&quot;:null,&quot;jet_parallax_layout_z_index&quot;:&quot;&quot;,&quot;jet_parallax_layout_bg_x&quot;:50,&quot;jet_parallax_layout_bg_x_tablet&quot;:&quot;&quot;,&quot;jet_parallax_layout_bg_x_mobile&quot;:&quot;&quot;,&quot;jet_parallax_layout_bg_y&quot;:50,&quot;jet_parallax_layout_bg_y_tablet&quot;:&quot;&quot;,&quot;jet_parallax_layout_bg_y_mobile&quot;:&quot;&quot;,&quot;jet_parallax_layout_bg_size&quot;:&quot;auto&quot;,&quot;jet_parallax_layout_bg_size_tablet&quot;:&quot;&quot;,&quot;jet_parallax_layout_bg_size_mobile&quot;:&quot;&quot;,&quot;jet_parallax_layout_animation_prop&quot;:&quot;transform&quot;,&quot;jet_parallax_layout_on&quot;:[&quot;desktop&quot;,&quot;tablet&quot;]}],&quot;background_background&quot;:&quot;classic&quot;}\">\n\t\t\t\t\t\t<div class=\"elementor-container elementor-column-gap-default\">\n\t\t\t\t\t<div class=\"elementor-column elementor-col-100 elementor-top-column elementor-element elementor-element-a74d4be\" data-id=\"a74d4be\" data-element_type=\"column\">\n\t\t\t<div class=\"elementor-widget-wrap elementor-element-populated\">\n\t\t\t\t\t\t<div class=\"elementor-element elementor-element-6b3a416 elementor-widget elementor-widget-heading\" data-id=\"6b3a416\" data-element_type=\"widget\" data-widget_type=\"heading.default\">\n\t\t\t\t<div class=\"elementor-widget-container\">\n\t\t\t\t\t<h1 class=\"elementor-heading-title elementor-size-default\"><b>Aviso Legal<\/b> <\/h1>\t\t\t\t<\/div>\n\t\t\t\t<\/div>\n\t\t\t\t<div class=\"elementor-element elementor-element-42674ad elementor-widget-divider--view-line elementor-widget elementor-widget-divider\" data-id=\"42674ad\" data-element_type=\"widget\" data-widget_type=\"divider.default\">\n\t\t\t\t<div class=\"elementor-widget-container\">\n\t\t\t\t\t\t\t<div class=\"elementor-divider\">\n\t\t\t<span class=\"elementor-divider-separator\">\n\t\t\t\t\t\t<\/span>\n\t\t<\/div>\n\t\t\t\t\t\t<\/div>\n\t\t\t\t<\/div>\n\t\t\t\t\t<\/div>\n\t\t<\/div>\n\t\t\t\t\t<\/div>\n\t\t<\/section>\n\t\t\t\t<section class=\"elementor-section elementor-top-section elementor-element elementor-element-546862b elementor-section-boxed elementor-section-height-default elementor-section-height-default\" data-id=\"546862b\" data-element_type=\"section\" data-settings=\"{&quot;jet_parallax_layout_list&quot;:[{&quot;jet_parallax_layout_image&quot;:{&quot;url&quot;:&quot;&quot;,&quot;id&quot;:&quot;&quot;,&quot;size&quot;:&quot;&quot;},&quot;_id&quot;:&quot;4ca14bf&quot;,&quot;jet_parallax_layout_image_tablet&quot;:{&quot;url&quot;:&quot;&quot;,&quot;id&quot;:&quot;&quot;,&quot;size&quot;:&quot;&quot;},&quot;jet_parallax_layout_image_mobile&quot;:{&quot;url&quot;:&quot;&quot;,&quot;id&quot;:&quot;&quot;,&quot;size&quot;:&quot;&quot;},&quot;jet_parallax_layout_speed&quot;:{&quot;unit&quot;:&quot;%&quot;,&quot;size&quot;:50,&quot;sizes&quot;:[]},&quot;jet_parallax_layout_type&quot;:&quot;scroll&quot;,&quot;jet_parallax_layout_direction&quot;:&quot;1&quot;,&quot;jet_parallax_layout_fx_direction&quot;:null,&quot;jet_parallax_layout_z_index&quot;:&quot;&quot;,&quot;jet_parallax_layout_bg_x&quot;:50,&quot;jet_parallax_layout_bg_x_tablet&quot;:&quot;&quot;,&quot;jet_parallax_layout_bg_x_mobile&quot;:&quot;&quot;,&quot;jet_parallax_layout_bg_y&quot;:50,&quot;jet_parallax_layout_bg_y_tablet&quot;:&quot;&quot;,&quot;jet_parallax_layout_bg_y_mobile&quot;:&quot;&quot;,&quot;jet_parallax_layout_bg_size&quot;:&quot;auto&quot;,&quot;jet_parallax_layout_bg_size_tablet&quot;:&quot;&quot;,&quot;jet_parallax_layout_bg_size_mobile&quot;:&quot;&quot;,&quot;jet_parallax_layout_animation_prop&quot;:&quot;transform&quot;,&quot;jet_parallax_layout_on&quot;:[&quot;desktop&quot;,&quot;tablet&quot;]}]}\">\n\t\t\t\t\t\t<div class=\"elementor-container elementor-column-gap-default\">\n\t\t\t\t\t<div class=\"elementor-column elementor-col-100 elementor-top-column elementor-element elementor-element-3e04464\" data-id=\"3e04464\" data-element_type=\"column\">\n\t\t\t<div class=\"elementor-widget-wrap elementor-element-populated\">\n\t\t\t\t\t\t<div class=\"elementor-element elementor-element-9266502 elementor-widget elementor-widget-text-editor\" data-id=\"9266502\" data-element_type=\"widget\" data-widget_type=\"text-editor.default\">\n\t\t\t\t<div class=\"elementor-widget-container\">\n\t\t\t\t\t\t\t\t\t<h4><b>Responsable Legal<\/b><\/h4>\n<p>Dr. Jos\u00e9 Luis Moreno Miranda<\/p>\n<p>C\/ Real n\u00ba 99 Edificio<\/p>\n<p>Don Vicente 1\u00baC C.P. 29680 Estepona (M\u00e1laga).<\/p>\n<p>Correo electr\u00f3nico: info@marbelladentalarts.com<\/p>\n<p>Tel\u00e9fono: 952 817 110<\/p>\n<p>NIF: 44288551-G<\/p>\n<p>Colegio: Colegio odont\u00f3logos de M\u00e1laga N\u00baColegiado: 1804<\/p>\n<h4><b>Condiciones Generales de Uso del Sitio web<\/b><\/h4>\n<p>marbelladentalarts.com<\/p>\n<p>Jos\u00e9 Luis Moreno Miranda (EN ADELANTE marbelladentalarts.com) con domicilio a efectos de notificaciones en Real n\u00ba 99 Edificio Don Vicente 1\u00baC con NIF 44288551-G pone a disposici\u00f3n en su sitio web marbelladentalarts.com determinados contenidos de car\u00e1cter informativo sobre sus actividades.Las presentes condiciones generales rigen \u00fanica y exclusivamente el uso del sitio web de marbelladentalarts.com por parte de los USUARIOS que accedan al mismo. Las presentes condiciones generales se le exponen al USUARIO en el sitio web marbelladentalarts.com en todas y cada una de las p\u00e1ginas, para que las lea, las imprima, archive y acepte a trav\u00e9s de internet y se encuentre plenamente informado.<\/p>\n<p>El acceso al sitio web de marbelladentalarts.com implica sin reservas la aceptaci\u00f3n de las presentes condiciones generales de uso que el USUARIO afirma comprender en su totalidad. El USUARIO se compromete no a utilizar el sitio web y los servicios que se ofrecen en el mismo para la realizaci\u00f3n de actividades contrarias a la ley y a respetar en todo momento las presentes condiciones generales.<\/p>\n<h5><b>PRIMERA.- CONDICIONES DE ACCESO Y USO<\/b><\/h5>\n<p><b>1.1.\u2013 <\/b>La utilizaci\u00f3n del sitio web de marbelladentalarts.com, no conlleva la obligatoriedad de inscripci\u00f3n del USUARIO. Las condiciones de acceso y uso del presente sitio web se rigen estrictamente por la legalidad vigente y por el principio de buena fe comprometi\u00e9ndose el USUARIO a realizar un buen uso de la web. Quedan prohibidos todos los actos que vulneren la legalidad, derechos o intereses de terceros: derecho a la intimidad, protecci\u00f3n de datos, propiedad intelectual etc. Expresamente marbelladentalarts.com proh\u00edbe los siguientes:<\/p>\n<p><b>1.1.1.-<\/b> Realizar acciones que puedan producir en el sitio web o a trav\u00e9s del mismo por cualquier medio cualquier tipo de da\u00f1o a los sistemas de marbelladentalarts.com o a terceros.<\/p>\n<p><b>1.1.2.- <\/b>Realizar sin la debida autorizaci\u00f3n cualquier tipo de publicidad o informaci\u00f3n comercial directamente o de forma encubierta, el env\u00edo de correos masivos (\u201cspaming\u201d) o env\u00edo de grandes mensajes con el fin de bloquear servidores de la red (\u201cmail bombing\u201d)<\/p>\n<p><b>1.1.3-<\/b> Realizar copia o captura de pantallas de la p\u00e1gina web, sin autorizaci\u00f3n expresa de marbelladentalarts.com. \u2013 Efectuar copias o versiones de la p\u00e1gina web o su c\u00f3digo fuente, sin el consentimiento expreso de marbelladentalarts.com. \u2013 Realizar cualquier tipo de comportamiento contrario a la Ley o la buena fe.<\/p>\n<p><b>1.2.-<\/b> marbelladentalarts.com, podr\u00e1 interrumpir en cualquier momento el acceso a su sitio web si detecta un uso contrario a la legalidad, la buena fe o a las presentes condiciones generales- ver cl\u00e1usula quinta.<\/p>\n<h5><b>SEGUNDA.-&nbsp;<\/b><\/h5>\n<p><b>CONTENIDOS.-&nbsp;<\/b>Los contenidos incorporados en este sitio web han sido elaborados e incluidos por:<\/p>\n<p><b>2.1.- <\/b>marbelladentalarts.com utilizando fuentes internas y externas de tal modo que marbelladentalarts.com \u00fanicamente se hace responsable por los contenidos elaborados de forma interna.<\/p>\n<p><b>2.2.-<\/b> Los USUARIOS, a trav\u00e9s de colaboraciones o introducci\u00f3n voluntaria de contenidos, tanto gr\u00e1ficos como escritos, directa o indirectamente a trav\u00e9s de enlaces o links siendo \u00e9stos los \u00fanicos responsables de los mismos y quedando expresamente exento marbelladentalarts.com de toda responsabilidad. EL USUARIO que introduzca cualquier contenido en el sitio web marbelladentalarts.com manifiesta la absoluta legalidad y autor\u00eda de los mismos y expresamente asume todo tipo de responsabilidad que se pueda derivar de estos contenidos. El USUARIO tambi\u00e9n se hace responsable de las opiniones introducidas en el chat y foros puestos a su disposici\u00f3n en el sitio web. marbelladentalarts.com no ser\u00e1 responsable en ning\u00fan caso de las opiniones vertidas en los referidos foros y podr\u00e1 retirar o impedir el acceso a los USUARIOS que vulneren la legalidad vigente as\u00ed como poner en conocimiento de Juzgados y Tribunales los hechos que sean constitutivos de alg\u00fan tipo de il\u00edcito penal o civil.<\/p>\n<p><b>2.3.-<\/b> marbelladentalarts.com se reserva el derecho a modificar en cualquier momento los contenidos existentes en su sitio web. marbelladentalarts.com no asegura ni se responsabiliza del correcto funcionamiento de los enlaces a sitios web de terceros que figuren en www.marbelladentalarts.com<\/p>\n<p>Adem\u00e1s a trav\u00e9s del sitio web de marbelladentalarts.com se ponen a disposici\u00f3n del usuario servicios gratu\u00edtos y de pago ofrecidos por terceros ajenos y que se regir\u00e1n por las condiciones particulares de cada uno de \u00e9llos. marbelladentalarts.com no garantiza la veracidad, exactitud o actualidad de los contenidos y servicios ofrecidos por terceros y queda expresamente exento de todo tipo de responsabilidad por los da\u00f1os y perjuicios que puedan derivarse de la falta de exactitud de estos contenidos y servicios.<\/p>\n<h5><b>TERCERA.-<\/b><\/h5>\n<p><b>RESPONSABILIDAD.-<\/b><\/p>\n<p><b>3.1.-<\/b> marbelladentalarts.com en ning\u00fan caso ser\u00e1 responsable de:<\/p>\n<p><b>3.1.1.-<\/b> Los fallos e incidencias que pudieran producirse en las comunicaciones, borrado o transmisiones incompletas de manera que no se garantiza que los servicios del sitio web est\u00e9n constantemente operativos.<\/p>\n<p><b>3.1.2.- <\/b>De la producci\u00f3n de cualquier tipo de da\u00f1o que los USUARIOS o terceros pudiesen ocasionar en el sitio web.<\/p>\n<p><b>3.1.3.-<\/b> De la fiabilidad y veracidad de las informaciones introducidas por terceros en el sitio web, bien directamente, bien a trav\u00e9s de enlaces o links. Asimismo, Jos\u00e9 Luis Moreno Miranda colaborar\u00e1 y notificar\u00e1 a la autoridad competente estas incidencias en el momento en que tenga conocimiento fehaciente de que los da\u00f1os ocasionados constituyan cualquier tipo de actividad il\u00edcita.<\/p>\n<p><b>3.2.-<\/b> marbelladentalarts.com se reserva el derecho a suspender el acceso sin previo aviso de forma discrecional y con car\u00e1cter definitivo o temporal hasta el aseguramiento de la efectiva responsabilidad de los da\u00f1os que pudieran producirse. Asimismo, marbelladentalarts.com colaborar\u00e1 y notificar\u00e1 a la autoridad competente estas incidencias en el momento en que tenga conocimiento fehaciente de que los da\u00f1os ocasionados constituyan cualquier tipo de actividad il\u00edcita.<\/p>\n<h5><b>CUARTA.-<\/b><\/h5>\n<p><b>&nbsp;DERECHOS DE AUTOR Y MARCA.- <\/b>Marbella Dental Arts es una marca registrada. Queda prohibida la utilizaci\u00f3n ajena por cualquier medio de la marca de Jos\u00e9 Luis Moreno Miranda, que incluye tanto el nombre como el logotipo, salvo consentimiento expreso demarbelladentalarts.com . Quedan reservados todos los derechos. Adem\u00e1s, el sitio web Marbella Dental Arts-los contenidos propios, la programaci\u00f3n y el dise\u00f1o del sitio web- se encuentra plenamente protegido por los derechos de autor, quedando expresamente prohibida toda reproducci\u00f3n, comunicaci\u00f3n, distribuci\u00f3n y transformaci\u00f3n de los referidos elementos protegidos salvo consentimiento expreso de Jos\u00e9 Luis Moreno Miranda<\/p>\n<h5><b>QUINTA.-<\/b><\/h5>\n<p>&nbsp;<b>JURISDICCI\u00d3N Y LEY APLICABLE.-<\/b> Las presentes condiciones generales se rigen por la legislaci\u00f3n espa\u00f1ola. Son competentes para resolver toda controversia o conflicto que se derive de las presentes condiciones generales los Juzgados de Estepona renunciando expresamente el USUARIO a cualquier otro fuero que pudiera corresponderle.<\/p>\n<h5><b>SEXTA.-<\/b><\/h5>\n<p>En caso de que cualquier cl\u00e1usula del presente documento sea declarada nula, las dem\u00e1s cl\u00e1usulas seguir\u00e1n vigentes y se interpretar\u00e1n teniendo en cuenta la voluntad de las partes y la finalidad misma de las presentes condiciones. marbelladentalarts.com podr\u00e1 no ejercitar alguno de los derechos y facultades conferidos en este documento lo que no implicar\u00e1 en ning\u00fan caso la renuncia a los mismos salvo reconocimiento expreso por parte de marbelladentalarts.com.<\/p>\t\t\t\t\t\t\t\t<\/div>\n\t\t\t\t<\/div>\n\t\t\t\t\t<\/div>\n\t\t<\/div>\n\t\t\t\t\t<\/div>\n\t\t<\/section>\n\t\t\t\t<\/div>\n\t\t","protected":false},"excerpt":{"rendered":"<p>Aviso Legal Responsable Legal Dr. Jos\u00e9 Luis Moreno Miranda C\/ Real n\u00ba 99 Edificio Don Vicente 1\u00baC C.P. 29680 Estepona (M\u00e1laga). Correo electr\u00f3nico: info@marbelladentalarts.com Tel\u00e9fono: 952 817 110 NIF: 44288551-G [&hellip;]<\/p>\n","protected":false},"author":1,"featured_media":0,"parent":0,"menu_order":0,"comment_status":"closed","ping_status":"closed","template":"","meta":{"site-sidebar-layout":"no-sidebar","site-content-layout":"page-builder","ast-site-content-layout":"default","site-content-style":"default","site-sidebar-style":"default","ast-global-header-display":"","ast-banner-title-visibility":"","ast-main-header-display":"","ast-hfb-above-header-display":"","ast-hfb-below-header-display":"","ast-hfb-mobile-header-display":"","site-post-title":"disabled","ast-breadcrumbs-content":"","ast-featured-img":"disabled","footer-sml-layout":"","theme-transparent-header-meta":"default","adv-header-id-meta":"","stick-header-meta":"","header-above-stick-meta":"","header-main-stick-meta":"","header-below-stick-meta":"","astra-migrate-meta-layouts":"default","ast-page-background-enabled":"default","ast-page-background-meta":{"desktop":{"background-color":"","background-image":"","background-repeat":"repeat","background-position":"center center","background-size":"auto","background-attachment":"scroll","background-type":"","background-media":"","overlay-type":"","overlay-color":"","overlay-opacity":"","overlay-gradient":""},"tablet":{"background-color":"","background-image":"","background-repeat":"repeat","background-position":"center center","background-size":"auto","background-attachment":"scroll","background-type":"","background-media":"","overlay-type":"","overlay-color":"","overlay-opacity":"","overlay-gradient":""},"mobile":{"background-color":"","background-image":"","background-repeat":"repeat","background-position":"center center","background-size":"auto","background-attachment":"scroll","background-type":"","background-media":"","overlay-type":"","overlay-color":"","overlay-opacity":"","overlay-gradient":""}},"ast-content-background-meta":{"desktop":{"background-color":"var(--ast-global-color-5)","background-image":"","background-repeat":"repeat","background-position":"center center","background-size":"auto","background-attachment":"scroll","background-type":"","background-media":"","overlay-type":"","overlay-color":"","overlay-opacity":"","overlay-gradient":""},"tablet":{"background-color":"var(--ast-global-color-5)","background-image":"","background-repeat":"repeat","background-position":"center center","background-size":"auto","background-attachment":"scroll","background-type":"","background-media":"","overlay-type":"","overlay-color":"","overlay-opacity":"","overlay-gradient":""},"mobile":{"background-color":"var(--ast-global-color-5)","background-image":"","background-repeat":"repeat","background-position":"center center","background-size":"auto","background-attachment":"scroll","background-type":"","background-media":"","overlay-type":"","overlay-color":"","overlay-opacity":"","overlay-gradient":""}},"footnotes":""},"class_list":["post-1492","page","type-page","status-publish","hentry"],"yoast_head":"<!-- This site is optimized with the Yoast SEO plugin v26.4 - https:\/\/yoast.com\/wordpress\/plugins\/seo\/ -->\n<title>Aviso Legal - Marbella Dental Arts<\/title>\n<meta name=\"robots\" content=\"noindex, nofollow\" \/>\n<meta property=\"og:locale\" content=\"es_ES\" \/>\n<meta property=\"og:type\" content=\"article\" \/>\n<meta property=\"og:title\" content=\"Aviso Legal - Marbella Dental Arts\" \/>\n<meta property=\"og:description\" content=\"Aviso Legal Responsable Legal Dr. Jos\u00e9 Luis Moreno Miranda C\/ Real n\u00ba 99 Edificio Don Vicente 1\u00baC C.P. 29680 Estepona (M\u00e1laga). Correo electr\u00f3nico: info@marbelladentalarts.com Tel\u00e9fono: 952 817 110 NIF: 44288551-G [&hellip;]\" \/>\n<meta property=\"og:url\" content=\"https:\/\/marbelladentalarts.com\/es\/aviso-legal\/\" \/>\n<meta property=\"og:site_name\" content=\"Marbella Dental Arts\" \/>\n<meta property=\"article:publisher\" content=\"https:\/\/es-es.facebook.com\/marbelladentalarts\/\" \/>\n<meta property=\"article:modified_time\" content=\"2021-04-08T10:26:18+00:00\" \/>\n<meta name=\"twitter:card\" content=\"summary_large_image\" \/>\n<meta name=\"twitter:label1\" content=\"Tiempo de lectura\" \/>\n\t<meta name=\"twitter:data1\" content=\"6 minutos\" \/>\n<script type=\"application\/ld+json\" class=\"yoast-schema-graph\">{\"@context\":\"https:\/\/schema.org\",\"@graph\":[{\"@type\":\"WebPage\",\"@id\":\"https:\/\/marbelladentalarts.com\/es\/aviso-legal\/\",\"url\":\"https:\/\/marbelladentalarts.com\/es\/aviso-legal\/\",\"name\":\"Aviso Legal - Marbella Dental Arts\",\"isPartOf\":{\"@id\":\"https:\/\/marbelladentalarts.com\/es\/#website\"},\"datePublished\":\"2021-04-08T10:18:44+00:00\",\"dateModified\":\"2021-04-08T10:26:18+00:00\",\"breadcrumb\":{\"@id\":\"https:\/\/marbelladentalarts.com\/es\/aviso-legal\/#breadcrumb\"},\"inLanguage\":\"es\",\"potentialAction\":[{\"@type\":\"ReadAction\",\"target\":[\"https:\/\/marbelladentalarts.com\/es\/aviso-legal\/\"]}]},{\"@type\":\"BreadcrumbList\",\"@id\":\"https:\/\/marbelladentalarts.com\/es\/aviso-legal\/#breadcrumb\",\"itemListElement\":[{\"@type\":\"ListItem\",\"position\":1,\"name\":\"Portada\",\"item\":\"https:\/\/marbelladentalarts.com\/es\/\"},{\"@type\":\"ListItem\",\"position\":2,\"name\":\"Aviso Legal\"}]},{\"@type\":\"WebSite\",\"@id\":\"https:\/\/marbelladentalarts.com\/es\/#website\",\"url\":\"https:\/\/marbelladentalarts.com\/es\/\",\"name\":\"Marbella Dental Arts\",\"description\":\"\",\"publisher\":{\"@id\":\"https:\/\/marbelladentalarts.com\/es\/#organization\"},\"potentialAction\":[{\"@type\":\"SearchAction\",\"target\":{\"@type\":\"EntryPoint\",\"urlTemplate\":\"https:\/\/marbelladentalarts.com\/es\/?s={search_term_string}\"},\"query-input\":{\"@type\":\"PropertyValueSpecification\",\"valueRequired\":true,\"valueName\":\"search_term_string\"}}],\"inLanguage\":\"es\"},{\"@type\":\"Organization\",\"@id\":\"https:\/\/marbelladentalarts.com\/es\/#organization\",\"name\":\"Marbella Dental Arts\",\"url\":\"https:\/\/marbelladentalarts.com\/es\/\",\"logo\":{\"@type\":\"ImageObject\",\"inLanguage\":\"es\",\"@id\":\"https:\/\/marbelladentalarts.com\/es\/#\/schema\/logo\/image\/\",\"url\":\"https:\/\/marbelladentalarts.com\/wp-content\/uploads\/2023\/06\/cropped-logo-cdarts.png\",\"contentUrl\":\"https:\/\/marbelladentalarts.com\/wp-content\/uploads\/2023\/06\/cropped-logo-cdarts.png\",\"width\":222,\"height\":88,\"caption\":\"Marbella Dental Arts\"},\"image\":{\"@id\":\"https:\/\/marbelladentalarts.com\/es\/#\/schema\/logo\/image\/\"},\"sameAs\":[\"https:\/\/es-es.facebook.com\/marbelladentalarts\/\",\"https:\/\/www.instagram.com\/marbelladentalarts\/\"]}]}<\/script>\n<!-- \/ Yoast SEO plugin. -->","yoast_head_json":{"title":"Aviso Legal - Marbella Dental Arts","robots":{"index":"noindex","follow":"nofollow"},"og_locale":"es_ES","og_type":"article","og_title":"Aviso Legal - Marbella Dental Arts","og_description":"Aviso Legal Responsable Legal Dr. Jos\u00e9 Luis Moreno Miranda C\/ Real n\u00ba 99 Edificio Don Vicente 1\u00baC C.P. 29680 Estepona (M\u00e1laga). Correo electr\u00f3nico: info@marbelladentalarts.com Tel\u00e9fono: 952 817 110 NIF: 44288551-G [&hellip;]","og_url":"https:\/\/marbelladentalarts.com\/es\/aviso-legal\/","og_site_name":"Marbella Dental Arts","article_publisher":"https:\/\/es-es.facebook.com\/marbelladentalarts\/","article_modified_time":"2021-04-08T10:26:18+00:00","twitter_card":"summary_large_image","twitter_misc":{"Tiempo de lectura":"6 minutos"},"schema":{"@context":"https:\/\/schema.org","@graph":[{"@type":"WebPage","@id":"https:\/\/marbelladentalarts.com\/es\/aviso-legal\/","url":"https:\/\/marbelladentalarts.com\/es\/aviso-legal\/","name":"Aviso Legal - Marbella Dental Arts","isPartOf":{"@id":"https:\/\/marbelladentalarts.com\/es\/#website"},"datePublished":"2021-04-08T10:18:44+00:00","dateModified":"2021-04-08T10:26:18+00:00","breadcrumb":{"@id":"https:\/\/marbelladentalarts.com\/es\/aviso-legal\/#breadcrumb"},"inLanguage":"es","potentialAction":[{"@type":"ReadAction","target":["https:\/\/marbelladentalarts.com\/es\/aviso-legal\/"]}]},{"@type":"BreadcrumbList","@id":"https:\/\/marbelladentalarts.com\/es\/aviso-legal\/#breadcrumb","itemListElement":[{"@type":"ListItem","position":1,"name":"Portada","item":"https:\/\/marbelladentalarts.com\/es\/"},{"@type":"ListItem","position":2,"name":"Aviso Legal"}]},{"@type":"WebSite","@id":"https:\/\/marbelladentalarts.com\/es\/#website","url":"https:\/\/marbelladentalarts.com\/es\/","name":"Marbella Dental Arts","description":"","publisher":{"@id":"https:\/\/marbelladentalarts.com\/es\/#organization"},"potentialAction":[{"@type":"SearchAction","target":{"@type":"EntryPoint","urlTemplate":"https:\/\/marbelladentalarts.com\/es\/?s={search_term_string}"},"query-input":{"@type":"PropertyValueSpecification","valueRequired":true,"valueName":"search_term_string"}}],"inLanguage":"es"},{"@type":"Organization","@id":"https:\/\/marbelladentalarts.com\/es\/#organization","name":"Marbella Dental Arts","url":"https:\/\/marbelladentalarts.com\/es\/","logo":{"@type":"ImageObject","inLanguage":"es","@id":"https:\/\/marbelladentalarts.com\/es\/#\/schema\/logo\/image\/","url":"https:\/\/marbelladentalarts.com\/wp-content\/uploads\/2023\/06\/cropped-logo-cdarts.png","contentUrl":"https:\/\/marbelladentalarts.com\/wp-content\/uploads\/2023\/06\/cropped-logo-cdarts.png","width":222,"height":88,"caption":"Marbella Dental Arts"},"image":{"@id":"https:\/\/marbelladentalarts.com\/es\/#\/schema\/logo\/image\/"},"sameAs":["https:\/\/es-es.facebook.com\/marbelladentalarts\/","https:\/\/www.instagram.com\/marbelladentalarts\/"]}]}},"_links":{"self":[{"href":"https:\/\/marbelladentalarts.com\/es\/wp-json\/wp\/v2\/pages\/1492","targetHints":{"allow":["GET"]}}],"collection":[{"href":"https:\/\/marbelladentalarts.com\/es\/wp-json\/wp\/v2\/pages"}],"about":[{"href":"https:\/\/marbelladentalarts.com\/es\/wp-json\/wp\/v2\/types\/page"}],"author":[{"embeddable":true,"href":"https:\/\/marbelladentalarts.com\/es\/wp-json\/wp\/v2\/users\/1"}],"replies":[{"embeddable":true,"href":"https:\/\/marbelladentalarts.com\/es\/wp-json\/wp\/v2\/comments?post=1492"}],"version-history":[{"count":11,"href":"https:\/\/marbelladentalarts.com\/es\/wp-json\/wp\/v2\/pages\/1492\/revisions"}],"predecessor-version":[{"id":1504,"href":"https:\/\/marbelladentalarts.com\/es\/wp-json\/wp\/v2\/pages\/1492\/revisions\/1504"}],"wp:attachment":[{"href":"https:\/\/marbelladentalarts.com\/es\/wp-json\/wp\/v2\/media?parent=1492"}],"curies":[{"name":"wp","href":"https:\/\/api.w.org\/{rel}","templated":true}]}}