{"id":1507,"date":"2021-04-08T10:26:59","date_gmt":"2021-04-08T10:26:59","guid":{"rendered":"https:\/\/marbelladentalarts.com\/?page_id=1507"},"modified":"2021-04-29T06:45:21","modified_gmt":"2021-04-29T06:45:21","slug":"politica-privacidad","status":"publish","type":"page","link":"https:\/\/marbelladentalarts.com\/es\/politica-privacidad\/","title":{"rendered":"Pol\u00edtica de Privacidad"},"content":{"rendered":"\t\t<div data-elementor-type=\"wp-page\" data-elementor-id=\"1507\" class=\"elementor elementor-1507\" data-elementor-post-type=\"page\">\n\t\t\t\t\t\t<section class=\"elementor-section elementor-top-section elementor-element elementor-element-0cbf8e1 elementor-section-boxed elementor-section-height-default elementor-section-height-default\" data-id=\"0cbf8e1\" data-element_type=\"section\" data-settings=\"{&quot;jet_parallax_layout_list&quot;:[{&quot;jet_parallax_layout_image&quot;:{&quot;url&quot;:&quot;&quot;,&quot;id&quot;:&quot;&quot;,&quot;size&quot;:&quot;&quot;},&quot;_id&quot;:&quot;5e14d6b&quot;,&quot;jet_parallax_layout_image_tablet&quot;:{&quot;url&quot;:&quot;&quot;,&quot;id&quot;:&quot;&quot;,&quot;size&quot;:&quot;&quot;},&quot;jet_parallax_layout_image_mobile&quot;:{&quot;url&quot;:&quot;&quot;,&quot;id&quot;:&quot;&quot;,&quot;size&quot;:&quot;&quot;},&quot;jet_parallax_layout_speed&quot;:{&quot;unit&quot;:&quot;%&quot;,&quot;size&quot;:50,&quot;sizes&quot;:[]},&quot;jet_parallax_layout_type&quot;:&quot;scroll&quot;,&quot;jet_parallax_layout_direction&quot;:&quot;1&quot;,&quot;jet_parallax_layout_fx_direction&quot;:null,&quot;jet_parallax_layout_z_index&quot;:&quot;&quot;,&quot;jet_parallax_layout_bg_x&quot;:50,&quot;jet_parallax_layout_bg_x_tablet&quot;:&quot;&quot;,&quot;jet_parallax_layout_bg_x_mobile&quot;:&quot;&quot;,&quot;jet_parallax_layout_bg_y&quot;:50,&quot;jet_parallax_layout_bg_y_tablet&quot;:&quot;&quot;,&quot;jet_parallax_layout_bg_y_mobile&quot;:&quot;&quot;,&quot;jet_parallax_layout_bg_size&quot;:&quot;auto&quot;,&quot;jet_parallax_layout_bg_size_tablet&quot;:&quot;&quot;,&quot;jet_parallax_layout_bg_size_mobile&quot;:&quot;&quot;,&quot;jet_parallax_layout_animation_prop&quot;:&quot;transform&quot;,&quot;jet_parallax_layout_on&quot;:[&quot;desktop&quot;,&quot;tablet&quot;]}],&quot;background_background&quot;:&quot;classic&quot;}\">\n\t\t\t\t\t\t<div class=\"elementor-container elementor-column-gap-default\">\n\t\t\t\t\t<div class=\"elementor-column elementor-col-100 elementor-top-column elementor-element elementor-element-a74d4be\" data-id=\"a74d4be\" data-element_type=\"column\">\n\t\t\t<div class=\"elementor-widget-wrap elementor-element-populated\">\n\t\t\t\t\t\t<div class=\"elementor-element elementor-element-6b3a416 elementor-widget elementor-widget-heading\" data-id=\"6b3a416\" data-element_type=\"widget\" data-widget_type=\"heading.default\">\n\t\t\t\t<div class=\"elementor-widget-container\">\n\t\t\t\t\t<h1 class=\"elementor-heading-title elementor-size-default\"><b>Pol\u00edtica de Privacidad<\/b> <\/h1>\t\t\t\t<\/div>\n\t\t\t\t<\/div>\n\t\t\t\t<div class=\"elementor-element elementor-element-42674ad elementor-widget-divider--view-line elementor-widget elementor-widget-divider\" data-id=\"42674ad\" data-element_type=\"widget\" data-widget_type=\"divider.default\">\n\t\t\t\t<div class=\"elementor-widget-container\">\n\t\t\t\t\t\t\t<div class=\"elementor-divider\">\n\t\t\t<span class=\"elementor-divider-separator\">\n\t\t\t\t\t\t<\/span>\n\t\t<\/div>\n\t\t\t\t\t\t<\/div>\n\t\t\t\t<\/div>\n\t\t\t\t\t<\/div>\n\t\t<\/div>\n\t\t\t\t\t<\/div>\n\t\t<\/section>\n\t\t\t\t<section class=\"elementor-section elementor-top-section elementor-element elementor-element-546862b elementor-section-boxed elementor-section-height-default elementor-section-height-default\" data-id=\"546862b\" data-element_type=\"section\" data-settings=\"{&quot;jet_parallax_layout_list&quot;:[{&quot;jet_parallax_layout_image&quot;:{&quot;url&quot;:&quot;&quot;,&quot;id&quot;:&quot;&quot;,&quot;size&quot;:&quot;&quot;},&quot;_id&quot;:&quot;4ca14bf&quot;,&quot;jet_parallax_layout_image_tablet&quot;:{&quot;url&quot;:&quot;&quot;,&quot;id&quot;:&quot;&quot;,&quot;size&quot;:&quot;&quot;},&quot;jet_parallax_layout_image_mobile&quot;:{&quot;url&quot;:&quot;&quot;,&quot;id&quot;:&quot;&quot;,&quot;size&quot;:&quot;&quot;},&quot;jet_parallax_layout_speed&quot;:{&quot;unit&quot;:&quot;%&quot;,&quot;size&quot;:50,&quot;sizes&quot;:[]},&quot;jet_parallax_layout_type&quot;:&quot;scroll&quot;,&quot;jet_parallax_layout_direction&quot;:&quot;1&quot;,&quot;jet_parallax_layout_fx_direction&quot;:null,&quot;jet_parallax_layout_z_index&quot;:&quot;&quot;,&quot;jet_parallax_layout_bg_x&quot;:50,&quot;jet_parallax_layout_bg_x_tablet&quot;:&quot;&quot;,&quot;jet_parallax_layout_bg_x_mobile&quot;:&quot;&quot;,&quot;jet_parallax_layout_bg_y&quot;:50,&quot;jet_parallax_layout_bg_y_tablet&quot;:&quot;&quot;,&quot;jet_parallax_layout_bg_y_mobile&quot;:&quot;&quot;,&quot;jet_parallax_layout_bg_size&quot;:&quot;auto&quot;,&quot;jet_parallax_layout_bg_size_tablet&quot;:&quot;&quot;,&quot;jet_parallax_layout_bg_size_mobile&quot;:&quot;&quot;,&quot;jet_parallax_layout_animation_prop&quot;:&quot;transform&quot;,&quot;jet_parallax_layout_on&quot;:[&quot;desktop&quot;,&quot;tablet&quot;]}]}\">\n\t\t\t\t\t\t<div class=\"elementor-container elementor-column-gap-default\">\n\t\t\t\t\t<div class=\"elementor-column elementor-col-100 elementor-top-column elementor-element elementor-element-3e04464\" data-id=\"3e04464\" data-element_type=\"column\">\n\t\t\t<div class=\"elementor-widget-wrap elementor-element-populated\">\n\t\t\t\t\t\t<div class=\"elementor-element elementor-element-9266502 elementor-widget elementor-widget-text-editor\" data-id=\"9266502\" data-element_type=\"widget\" data-widget_type=\"text-editor.default\">\n\t\t\t\t<div class=\"elementor-widget-container\">\n\t\t\t\t\t\t\t\t\t<p>El Reglamento <b>(UE) 2016\/679 de protecci\u00f3n de datos de car\u00e1cter personal<\/b>, establece un nuevo enfoque para el control y el tratamiento de los datos de car\u00e1cter personal. Hemos revisado y adaptado nuestra pol\u00edtica de privacidad a los nuevos requisitos y queremos ofrecer mayor informaci\u00f3n y transparencia en relaci\u00f3n con el tratamiento de los datos personales.<\/p>\n<p>Jos\u00e9 Luis Moreno Miranda, en adelante Marbella Dental Arts, <b>con CIF 44288551-G<\/b> es <b>responsable del tratamiento<\/b> de los datos de car\u00e1cter personal de sus usuarios y clientes, as\u00ed como de los datos que puedan ser recabados a trav\u00e9s del sitio web.<\/p>\n<p>Marbella Dental Arts informa a los usuarios del sitio web sobre su pol\u00edtica respecto del tratamiento y protecci\u00f3n de los datos de car\u00e1cter personal de los usuarios y clientes que puedan ser recabados por la navegaci\u00f3n o contrataci\u00f3n de servicios a trav\u00e9s de su sitio web.<\/p>\n<h5><b>Finalidad del tratamiento de los datos.<\/b><\/h5>\n<p>Sus datos de car\u00e1cter personal se recaban con la finalidad de prestar y mantener los servicios acordados contractualmente as\u00ed como poder informarle sobre los nuevos productos y servicios.<\/p>\n<p>El tratamiento de los datos que nos facilite a trav\u00e9s de los formularios de la web www.marbelladentalarts.com se regir\u00e1 por esta misma pol\u00edtica de privacidad.<\/p>\n<p>Las operaciones, gestiones y procedimientos t\u00e9cnicos que se realicen de forma automatizada o no automatizada y que posibiliten la recogida, el almacenamiento, la modificaci\u00f3n, la transferencia y otras acciones sobre datos de car\u00e1cter personal, tienen la consideraci\u00f3n de tratamiento de datos personales.<\/p>\n<p>Marbella Dental Arts proceder\u00e1 a tratar los datos de car\u00e1cter personal de manera l\u00edcita, leal, transparente, adecuada, pertinente, limitada, exacta y actualizada.<\/p>\n<h5><b>Datos recabados para la prestaci\u00f3n de un servicio.<\/b><\/h5>\n<p>Los datos de car\u00e1cter personal que nos facilite para la prestaci\u00f3n de un servicio ser\u00e1n los m\u00ednimos exigibles para poder elaborar el contrato as\u00ed como para poder ofrecerle los servicios que usted contrate y para el cumplimiento de las obligaciones legales.<\/p>\n<p>Los datos ser\u00e1n conservados durante los plazos legalmente establecidos.<\/p>\n<h5><b>Datos recabados para la solicitud de informaci\u00f3n a trav\u00e9s del formulario web.<\/b><\/h5>\n<p>Los datos personales recabados a trav\u00e9s del formulario web para la petici\u00f3n de informaci\u00f3n tienen como finalidad el env\u00edo de informaci\u00f3n comercial sobre nuestros productos y servicios.<\/p>\n<p>El tratamiento de los datos en este caso est\u00e1 legitimado por el consentimiento expreso que usted nos presta al aceptar el env\u00edo de la informaci\u00f3n aportada a trav\u00e9s del formulario.<\/p>\n<p>Ejercicio de los derechos.<\/p>\n<p>De acuerdo con los derechos que confiere el Reglamento (UE) 2016\/679 de protecci\u00f3n de datos de car\u00e1cter personal podr\u00e1 ejercer los derechos de acceso, rectificaci\u00f3n, limitaci\u00f3n de tratamiento, supresi\u00f3n, portabilidad y oposici\u00f3n al tratamiento de sus datos dirigiendo su petici\u00f3n a la direcci\u00f3n postal indicada o al correo electr\u00f3nico info@marbelladentalarts.com<\/p>\n<p>Para el ejercicio de los derechos deber\u00e1 identificarse mediante la presentaci\u00f3n de su DNI.<\/p>\n<h5><b>Destinatarios<\/b><\/h5>\n<p>Marbella Dental Arts informa a los usuarios de que sus datos personales no ser\u00e1n comunicados a terceros, con la salvedad de que dicha comunicaci\u00f3n de datos este amparada en una obligaci\u00f3n legal o cuando la prestaci\u00f3n de un servicio implique la necesidad de una relaci\u00f3n contractual con un encargado de tratamiento. En este \u00faltimo caso, los destinatarios de sus datos pueden ser empresas del grupo, empresas de solvencia patrimonial en el caso de impagos, comunicados mediante los procedimientos y garant\u00edas establecidos por la normativa vigente) as\u00ed como determinados encargados del tratamiento como colaboradores aut\u00f3nomos o laboratorios dentales necesarios para la correcta prestaci\u00f3n de los servicios<\/p>\n<p>Marbella Dental Arts mantiene unos criterios estrictos de selecci\u00f3n de encargados de tratamiento y se compromete contractualmente con cada uno a cumplir y hacer cumplir las obligaciones establecidas en materia de protecci\u00f3n de datos<\/p>\n<h5><b>Variaci\u00f3n de los datos<\/b><\/h5>\n<p>Mientras no nos comuniquen lo contrario, entenderemos que los datos no han sido modificados y que usted se compromete a notificarnos cualquier variaci\u00f3n.<\/p>\t\t\t\t\t\t\t\t<\/div>\n\t\t\t\t<\/div>\n\t\t\t\t\t<\/div>\n\t\t<\/div>\n\t\t\t\t\t<\/div>\n\t\t<\/section>\n\t\t\t\t<\/div>\n\t\t","protected":false},"excerpt":{"rendered":"<p>Pol\u00edtica de Privacidad El Reglamento (UE) 2016\/679 de protecci\u00f3n de datos de car\u00e1cter personal, establece un nuevo enfoque para el control y el tratamiento de los datos de car\u00e1cter personal. [&hellip;]<\/p>\n","protected":false},"author":1,"featured_media":0,"parent":0,"menu_order":0,"comment_status":"closed","ping_status":"closed","template":"","meta":{"site-sidebar-layout":"no-sidebar","site-content-layout":"page-builder","ast-site-content-layout":"default","site-content-style":"default","site-sidebar-style":"default","ast-global-header-display":"","ast-banner-title-visibility":"","ast-main-header-display":"","ast-hfb-above-header-display":"","ast-hfb-below-header-display":"","ast-hfb-mobile-header-display":"","site-post-title":"disabled","ast-breadcrumbs-content":"","ast-featured-img":"disabled","footer-sml-layout":"","theme-transparent-header-meta":"default","adv-header-id-meta":"","stick-header-meta":"","header-above-stick-meta":"","header-main-stick-meta":"","header-below-stick-meta":"","astra-migrate-meta-layouts":"default","ast-page-background-enabled":"default","ast-page-background-meta":{"desktop":{"background-color":"","background-image":"","background-repeat":"repeat","background-position":"center center","background-size":"auto","background-attachment":"scroll","background-type":"","background-media":"","overlay-type":"","overlay-color":"","overlay-opacity":"","overlay-gradient":""},"tablet":{"background-color":"","background-image":"","background-repeat":"repeat","background-position":"center center","background-size":"auto","background-attachment":"scroll","background-type":"","background-media":"","overlay-type":"","overlay-color":"","overlay-opacity":"","overlay-gradient":""},"mobile":{"background-color":"","background-image":"","background-repeat":"repeat","background-position":"center center","background-size":"auto","background-attachment":"scroll","background-type":"","background-media":"","overlay-type":"","overlay-color":"","overlay-opacity":"","overlay-gradient":""}},"ast-content-background-meta":{"desktop":{"background-color":"var(--ast-global-color-5)","background-image":"","background-repeat":"repeat","background-position":"center center","background-size":"auto","background-attachment":"scroll","background-type":"","background-media":"","overlay-type":"","overlay-color":"","overlay-opacity":"","overlay-gradient":""},"tablet":{"background-color":"var(--ast-global-color-5)","background-image":"","background-repeat":"repeat","background-position":"center center","background-size":"auto","background-attachment":"scroll","background-type":"","background-media":"","overlay-type":"","overlay-color":"","overlay-opacity":"","overlay-gradient":""},"mobile":{"background-color":"var(--ast-global-color-5)","background-image":"","background-repeat":"repeat","background-position":"center center","background-size":"auto","background-attachment":"scroll","background-type":"","background-media":"","overlay-type":"","overlay-color":"","overlay-opacity":"","overlay-gradient":""}},"footnotes":""},"class_list":["post-1507","page","type-page","status-publish","hentry"],"yoast_head":"<!-- This site is optimized with the Yoast SEO plugin v26.4 - https:\/\/yoast.com\/wordpress\/plugins\/seo\/ -->\n<title>Pol\u00edtica de Privacidad - Marbella Dental Arts<\/title>\n<meta name=\"robots\" content=\"noindex, nofollow\" \/>\n<meta property=\"og:locale\" content=\"es_ES\" \/>\n<meta property=\"og:type\" content=\"article\" \/>\n<meta property=\"og:title\" content=\"Pol\u00edtica de Privacidad - Marbella Dental Arts\" \/>\n<meta property=\"og:description\" content=\"Pol\u00edtica de Privacidad El Reglamento (UE) 2016\/679 de protecci\u00f3n de datos de car\u00e1cter personal, establece un nuevo enfoque para el control y el tratamiento de los datos de car\u00e1cter personal. [&hellip;]\" \/>\n<meta property=\"og:url\" content=\"https:\/\/marbelladentalarts.com\/es\/politica-privacidad\/\" \/>\n<meta property=\"og:site_name\" content=\"Marbella Dental Arts\" \/>\n<meta property=\"article:publisher\" content=\"https:\/\/es-es.facebook.com\/marbelladentalarts\/\" \/>\n<meta property=\"article:modified_time\" content=\"2021-04-29T06:45:21+00:00\" \/>\n<meta name=\"twitter:card\" content=\"summary_large_image\" \/>\n<meta name=\"twitter:label1\" content=\"Tiempo de lectura\" \/>\n\t<meta name=\"twitter:data1\" content=\"3 minutos\" \/>\n<script type=\"application\/ld+json\" class=\"yoast-schema-graph\">{\"@context\":\"https:\/\/schema.org\",\"@graph\":[{\"@type\":\"WebPage\",\"@id\":\"https:\/\/marbelladentalarts.com\/es\/politica-privacidad\/\",\"url\":\"https:\/\/marbelladentalarts.com\/es\/politica-privacidad\/\",\"name\":\"Pol\u00edtica de Privacidad - Marbella Dental Arts\",\"isPartOf\":{\"@id\":\"https:\/\/marbelladentalarts.com\/es\/#website\"},\"datePublished\":\"2021-04-08T10:26:59+00:00\",\"dateModified\":\"2021-04-29T06:45:21+00:00\",\"breadcrumb\":{\"@id\":\"https:\/\/marbelladentalarts.com\/es\/politica-privacidad\/#breadcrumb\"},\"inLanguage\":\"es\",\"potentialAction\":[{\"@type\":\"ReadAction\",\"target\":[\"https:\/\/marbelladentalarts.com\/es\/politica-privacidad\/\"]}]},{\"@type\":\"BreadcrumbList\",\"@id\":\"https:\/\/marbelladentalarts.com\/es\/politica-privacidad\/#breadcrumb\",\"itemListElement\":[{\"@type\":\"ListItem\",\"position\":1,\"name\":\"Portada\",\"item\":\"https:\/\/marbelladentalarts.com\/es\/\"},{\"@type\":\"ListItem\",\"position\":2,\"name\":\"Pol\u00edtica de Privacidad\"}]},{\"@type\":\"WebSite\",\"@id\":\"https:\/\/marbelladentalarts.com\/es\/#website\",\"url\":\"https:\/\/marbelladentalarts.com\/es\/\",\"name\":\"Marbella Dental Arts\",\"description\":\"\",\"publisher\":{\"@id\":\"https:\/\/marbelladentalarts.com\/es\/#organization\"},\"potentialAction\":[{\"@type\":\"SearchAction\",\"target\":{\"@type\":\"EntryPoint\",\"urlTemplate\":\"https:\/\/marbelladentalarts.com\/es\/?s={search_term_string}\"},\"query-input\":{\"@type\":\"PropertyValueSpecification\",\"valueRequired\":true,\"valueName\":\"search_term_string\"}}],\"inLanguage\":\"es\"},{\"@type\":\"Organization\",\"@id\":\"https:\/\/marbelladentalarts.com\/es\/#organization\",\"name\":\"Marbella Dental Arts\",\"url\":\"https:\/\/marbelladentalarts.com\/es\/\",\"logo\":{\"@type\":\"ImageObject\",\"inLanguage\":\"es\",\"@id\":\"https:\/\/marbelladentalarts.com\/es\/#\/schema\/logo\/image\/\",\"url\":\"https:\/\/marbelladentalarts.com\/wp-content\/uploads\/2023\/06\/cropped-logo-cdarts.png\",\"contentUrl\":\"https:\/\/marbelladentalarts.com\/wp-content\/uploads\/2023\/06\/cropped-logo-cdarts.png\",\"width\":222,\"height\":88,\"caption\":\"Marbella Dental Arts\"},\"image\":{\"@id\":\"https:\/\/marbelladentalarts.com\/es\/#\/schema\/logo\/image\/\"},\"sameAs\":[\"https:\/\/es-es.facebook.com\/marbelladentalarts\/\",\"https:\/\/www.instagram.com\/marbelladentalarts\/\"]}]}<\/script>\n<!-- \/ Yoast SEO plugin. -->","yoast_head_json":{"title":"Pol\u00edtica de Privacidad - Marbella Dental Arts","robots":{"index":"noindex","follow":"nofollow"},"og_locale":"es_ES","og_type":"article","og_title":"Pol\u00edtica de Privacidad - Marbella Dental Arts","og_description":"Pol\u00edtica de Privacidad El Reglamento (UE) 2016\/679 de protecci\u00f3n de datos de car\u00e1cter personal, establece un nuevo enfoque para el control y el tratamiento de los datos de car\u00e1cter personal. [&hellip;]","og_url":"https:\/\/marbelladentalarts.com\/es\/politica-privacidad\/","og_site_name":"Marbella Dental Arts","article_publisher":"https:\/\/es-es.facebook.com\/marbelladentalarts\/","article_modified_time":"2021-04-29T06:45:21+00:00","twitter_card":"summary_large_image","twitter_misc":{"Tiempo de lectura":"3 minutos"},"schema":{"@context":"https:\/\/schema.org","@graph":[{"@type":"WebPage","@id":"https:\/\/marbelladentalarts.com\/es\/politica-privacidad\/","url":"https:\/\/marbelladentalarts.com\/es\/politica-privacidad\/","name":"Pol\u00edtica de Privacidad - Marbella Dental Arts","isPartOf":{"@id":"https:\/\/marbelladentalarts.com\/es\/#website"},"datePublished":"2021-04-08T10:26:59+00:00","dateModified":"2021-04-29T06:45:21+00:00","breadcrumb":{"@id":"https:\/\/marbelladentalarts.com\/es\/politica-privacidad\/#breadcrumb"},"inLanguage":"es","potentialAction":[{"@type":"ReadAction","target":["https:\/\/marbelladentalarts.com\/es\/politica-privacidad\/"]}]},{"@type":"BreadcrumbList","@id":"https:\/\/marbelladentalarts.com\/es\/politica-privacidad\/#breadcrumb","itemListElement":[{"@type":"ListItem","position":1,"name":"Portada","item":"https:\/\/marbelladentalarts.com\/es\/"},{"@type":"ListItem","position":2,"name":"Pol\u00edtica de Privacidad"}]},{"@type":"WebSite","@id":"https:\/\/marbelladentalarts.com\/es\/#website","url":"https:\/\/marbelladentalarts.com\/es\/","name":"Marbella Dental Arts","description":"","publisher":{"@id":"https:\/\/marbelladentalarts.com\/es\/#organization"},"potentialAction":[{"@type":"SearchAction","target":{"@type":"EntryPoint","urlTemplate":"https:\/\/marbelladentalarts.com\/es\/?s={search_term_string}"},"query-input":{"@type":"PropertyValueSpecification","valueRequired":true,"valueName":"search_term_string"}}],"inLanguage":"es"},{"@type":"Organization","@id":"https:\/\/marbelladentalarts.com\/es\/#organization","name":"Marbella Dental Arts","url":"https:\/\/marbelladentalarts.com\/es\/","logo":{"@type":"ImageObject","inLanguage":"es","@id":"https:\/\/marbelladentalarts.com\/es\/#\/schema\/logo\/image\/","url":"https:\/\/marbelladentalarts.com\/wp-content\/uploads\/2023\/06\/cropped-logo-cdarts.png","contentUrl":"https:\/\/marbelladentalarts.com\/wp-content\/uploads\/2023\/06\/cropped-logo-cdarts.png","width":222,"height":88,"caption":"Marbella Dental Arts"},"image":{"@id":"https:\/\/marbelladentalarts.com\/es\/#\/schema\/logo\/image\/"},"sameAs":["https:\/\/es-es.facebook.com\/marbelladentalarts\/","https:\/\/www.instagram.com\/marbelladentalarts\/"]}]}},"_links":{"self":[{"href":"https:\/\/marbelladentalarts.com\/es\/wp-json\/wp\/v2\/pages\/1507","targetHints":{"allow":["GET"]}}],"collection":[{"href":"https:\/\/marbelladentalarts.com\/es\/wp-json\/wp\/v2\/pages"}],"about":[{"href":"https:\/\/marbelladentalarts.com\/es\/wp-json\/wp\/v2\/types\/page"}],"author":[{"embeddable":true,"href":"https:\/\/marbelladentalarts.com\/es\/wp-json\/wp\/v2\/users\/1"}],"replies":[{"embeddable":true,"href":"https:\/\/marbelladentalarts.com\/es\/wp-json\/wp\/v2\/comments?post=1507"}],"version-history":[{"count":10,"href":"https:\/\/marbelladentalarts.com\/es\/wp-json\/wp\/v2\/pages\/1507\/revisions"}],"predecessor-version":[{"id":2236,"href":"https:\/\/marbelladentalarts.com\/es\/wp-json\/wp\/v2\/pages\/1507\/revisions\/2236"}],"wp:attachment":[{"href":"https:\/\/marbelladentalarts.com\/es\/wp-json\/wp\/v2\/media?parent=1507"}],"curies":[{"name":"wp","href":"https:\/\/api.w.org\/{rel}","templated":true}]}}