{"id":2214,"date":"2021-04-28T16:00:46","date_gmt":"2021-04-28T16:00:46","guid":{"rendered":"https:\/\/marbelladentalarts.com\/?page_id=2214"},"modified":"2023-09-22T15:19:57","modified_gmt":"2023-09-22T13:19:57","slug":"alice-streifinger","status":"publish","type":"page","link":"https:\/\/marbelladentalarts.com\/es\/alice-streifinger\/","title":{"rendered":"Alice Streifinger"},"content":{"rendered":"\t\t<div data-elementor-type=\"wp-page\" data-elementor-id=\"2214\" class=\"elementor elementor-2214 elementor-2213\" data-elementor-post-type=\"page\">\n\t\t\t\t\t\t<section class=\"elementor-section elementor-top-section elementor-element elementor-element-d98fd4c elementor-section-boxed elementor-section-height-default elementor-section-height-default\" data-id=\"d98fd4c\" data-element_type=\"section\" data-settings=\"{&quot;jet_parallax_layout_list&quot;:[{&quot;jet_parallax_layout_image&quot;:{&quot;url&quot;:&quot;&quot;,&quot;id&quot;:&quot;&quot;,&quot;size&quot;:&quot;&quot;},&quot;_id&quot;:&quot;5e14d6b&quot;,&quot;jet_parallax_layout_image_tablet&quot;:{&quot;url&quot;:&quot;&quot;,&quot;id&quot;:&quot;&quot;,&quot;size&quot;:&quot;&quot;},&quot;jet_parallax_layout_image_mobile&quot;:{&quot;url&quot;:&quot;&quot;,&quot;id&quot;:&quot;&quot;,&quot;size&quot;:&quot;&quot;},&quot;jet_parallax_layout_speed&quot;:{&quot;unit&quot;:&quot;%&quot;,&quot;size&quot;:50,&quot;sizes&quot;:[]},&quot;jet_parallax_layout_type&quot;:&quot;scroll&quot;,&quot;jet_parallax_layout_direction&quot;:&quot;1&quot;,&quot;jet_parallax_layout_fx_direction&quot;:null,&quot;jet_parallax_layout_z_index&quot;:&quot;&quot;,&quot;jet_parallax_layout_bg_x&quot;:50,&quot;jet_parallax_layout_bg_x_tablet&quot;:&quot;&quot;,&quot;jet_parallax_layout_bg_x_mobile&quot;:&quot;&quot;,&quot;jet_parallax_layout_bg_y&quot;:50,&quot;jet_parallax_layout_bg_y_tablet&quot;:&quot;&quot;,&quot;jet_parallax_layout_bg_y_mobile&quot;:&quot;&quot;,&quot;jet_parallax_layout_bg_size&quot;:&quot;auto&quot;,&quot;jet_parallax_layout_bg_size_tablet&quot;:&quot;&quot;,&quot;jet_parallax_layout_bg_size_mobile&quot;:&quot;&quot;,&quot;jet_parallax_layout_animation_prop&quot;:&quot;transform&quot;,&quot;jet_parallax_layout_on&quot;:[&quot;desktop&quot;,&quot;tablet&quot;]}],&quot;background_background&quot;:&quot;classic&quot;}\">\n\t\t\t\t\t\t<div class=\"elementor-container elementor-column-gap-default\">\n\t\t\t\t\t<div class=\"elementor-column elementor-col-100 elementor-top-column elementor-element elementor-element-46f30a7\" data-id=\"46f30a7\" data-element_type=\"column\">\n\t\t\t<div class=\"elementor-widget-wrap elementor-element-populated\">\n\t\t\t\t\t\t<div class=\"elementor-element elementor-element-3a18034 elementor-widget elementor-widget-heading\" data-id=\"3a18034\" data-element_type=\"widget\" data-widget_type=\"heading.default\">\n\t\t\t\t<div class=\"elementor-widget-container\">\n\t\t\t\t\t<h1 class=\"elementor-heading-title elementor-size-default\">Alice Streifinger<\/h1>\t\t\t\t<\/div>\n\t\t\t\t<\/div>\n\t\t\t\t<div class=\"elementor-element elementor-element-dcb8854 elementor-widget-divider--view-line elementor-widget elementor-widget-divider\" data-id=\"dcb8854\" data-element_type=\"widget\" data-widget_type=\"divider.default\">\n\t\t\t\t<div class=\"elementor-widget-container\">\n\t\t\t\t\t\t\t<div class=\"elementor-divider\">\n\t\t\t<span class=\"elementor-divider-separator\">\n\t\t\t\t\t\t<\/span>\n\t\t<\/div>\n\t\t\t\t\t\t<\/div>\n\t\t\t\t<\/div>\n\t\t\t\t\t<\/div>\n\t\t<\/div>\n\t\t\t\t\t<\/div>\n\t\t<\/section>\n\t\t\t\t<section class=\"elementor-section elementor-top-section elementor-element elementor-element-40291c2 elementor-section-boxed elementor-section-height-default elementor-section-height-default\" data-id=\"40291c2\" data-element_type=\"section\" data-settings=\"{&quot;jet_parallax_layout_list&quot;:[{&quot;jet_parallax_layout_image&quot;:{&quot;url&quot;:&quot;&quot;,&quot;id&quot;:&quot;&quot;,&quot;size&quot;:&quot;&quot;},&quot;_id&quot;:&quot;4ca14bf&quot;,&quot;jet_parallax_layout_image_tablet&quot;:{&quot;url&quot;:&quot;&quot;,&quot;id&quot;:&quot;&quot;,&quot;size&quot;:&quot;&quot;},&quot;jet_parallax_layout_image_mobile&quot;:{&quot;url&quot;:&quot;&quot;,&quot;id&quot;:&quot;&quot;,&quot;size&quot;:&quot;&quot;},&quot;jet_parallax_layout_speed&quot;:{&quot;unit&quot;:&quot;%&quot;,&quot;size&quot;:50,&quot;sizes&quot;:[]},&quot;jet_parallax_layout_type&quot;:&quot;scroll&quot;,&quot;jet_parallax_layout_direction&quot;:&quot;1&quot;,&quot;jet_parallax_layout_fx_direction&quot;:null,&quot;jet_parallax_layout_z_index&quot;:&quot;&quot;,&quot;jet_parallax_layout_bg_x&quot;:50,&quot;jet_parallax_layout_bg_x_tablet&quot;:&quot;&quot;,&quot;jet_parallax_layout_bg_x_mobile&quot;:&quot;&quot;,&quot;jet_parallax_layout_bg_y&quot;:50,&quot;jet_parallax_layout_bg_y_tablet&quot;:&quot;&quot;,&quot;jet_parallax_layout_bg_y_mobile&quot;:&quot;&quot;,&quot;jet_parallax_layout_bg_size&quot;:&quot;auto&quot;,&quot;jet_parallax_layout_bg_size_tablet&quot;:&quot;&quot;,&quot;jet_parallax_layout_bg_size_mobile&quot;:&quot;&quot;,&quot;jet_parallax_layout_animation_prop&quot;:&quot;transform&quot;,&quot;jet_parallax_layout_on&quot;:[&quot;desktop&quot;,&quot;tablet&quot;]}]}\">\n\t\t\t\t\t\t<div class=\"elementor-container elementor-column-gap-default\">\n\t\t\t\t\t<div class=\"elementor-column elementor-col-33 elementor-top-column elementor-element elementor-element-f4d0307\" data-id=\"f4d0307\" data-element_type=\"column\">\n\t\t\t<div class=\"elementor-widget-wrap elementor-element-populated\">\n\t\t\t\t\t\t<div class=\"elementor-element elementor-element-31b74f0 elementor-widget elementor-widget-heading\" data-id=\"31b74f0\" data-element_type=\"widget\" data-widget_type=\"heading.default\">\n\t\t\t\t<div class=\"elementor-widget-container\">\n\t\t\t\t\t<h2 class=\"elementor-heading-title elementor-size-default\">Profilaxis Dental<\/h2>\t\t\t\t<\/div>\n\t\t\t\t<\/div>\n\t\t\t\t<div class=\"elementor-element elementor-element-8b40a89 elementor-widget elementor-widget-text-editor\" data-id=\"8b40a89\" data-element_type=\"widget\" data-widget_type=\"text-editor.default\">\n\t\t\t\t<div class=\"elementor-widget-container\">\n\t\t\t\t\t\t\t\t\t<p>Nac\u00ed el 27 de Septiembre de 1959. Desde siempre me ha interesado todo lo relacionado con la medicina y la salud de las personas.<\/p><p>Entre 1978 -1980 estudi\u00e9 2 a\u00f1os de <b>asistente de Odontolog\u00eda<\/b> en Coburgo (Alemania). Tras terminar mis estudios trabaj\u00e9 en Munich durante 10 a\u00f1os donde tuve la oportunidad de aprender y adquirir una amplia experiencia. En 1990 me traslad\u00e9 a Heidelberg para estudiar formaci\u00f3n profesional especializada en Profilaxis Dental (Limpiezas dentales).<\/p><p>Una vez acabados los estudios de Profilaxis Dental en Alemania, me traslad\u00e9 a Espa\u00f1a, donde desde 1991 trabajo en la <b>Cl\u00ednica Dental Arts<\/b>, ubicada en Nueva Andaluc\u00eda (Marbella), con el <b>Doctor Jos\u00e9 Luis Moreno<\/b>. Cuento con m\u00e1s de 40 a\u00f1os de experiencia como especialista en Profilaxis Dental.<\/p>\t\t\t\t\t\t\t\t<\/div>\n\t\t\t\t<\/div>\n\t\t\t\t\t<\/div>\n\t\t<\/div>\n\t\t\t\t<div class=\"elementor-column elementor-col-33 elementor-top-column elementor-element elementor-element-f5c5b1f\" data-id=\"f5c5b1f\" data-element_type=\"column\">\n\t\t\t<div class=\"elementor-widget-wrap elementor-element-populated\">\n\t\t\t\t\t\t<div class=\"elementor-element elementor-element-e3eebfc elementor-widget elementor-widget-image\" data-id=\"e3eebfc\" data-element_type=\"widget\" data-widget_type=\"image.default\">\n\t\t\t\t<div class=\"elementor-widget-container\">\n\t\t\t\t\t\t\t\t\t\t\t\t\t\t\t<img fetchpriority=\"high\" decoding=\"async\" width=\"683\" height=\"1024\" src=\"https:\/\/marbelladentalarts.com\/wp-content\/uploads\/2023\/09\/IMG_5860-683x1024.jpg\" class=\"attachment-large size-large wp-image-3045\" alt=\"\" srcset=\"https:\/\/marbelladentalarts.com\/wp-content\/uploads\/2023\/09\/IMG_5860-683x1024.jpg 683w, https:\/\/marbelladentalarts.com\/wp-content\/uploads\/2023\/09\/IMG_5860-200x300.jpg 200w, https:\/\/marbelladentalarts.com\/wp-content\/uploads\/2023\/09\/IMG_5860-768x1152.jpg 768w, https:\/\/marbelladentalarts.com\/wp-content\/uploads\/2023\/09\/IMG_5860-1024x1536.jpg 1024w, https:\/\/marbelladentalarts.com\/wp-content\/uploads\/2023\/09\/IMG_5860-1365x2048.jpg 1365w, https:\/\/marbelladentalarts.com\/wp-content\/uploads\/2023\/09\/IMG_5860-scaled.jpg 1707w\" sizes=\"(max-width: 683px) 100vw, 683px\" \/>\t\t\t\t\t\t\t\t\t\t\t\t\t\t\t<\/div>\n\t\t\t\t<\/div>\n\t\t\t\t\t<\/div>\n\t\t<\/div>\n\t\t\t\t<div class=\"elementor-column elementor-col-33 elementor-top-column elementor-element elementor-element-5eb6935\" data-id=\"5eb6935\" data-element_type=\"column\">\n\t\t\t<div class=\"elementor-widget-wrap elementor-element-populated\">\n\t\t\t\t\t\t<div class=\"elementor-element elementor-element-7f57b6a elementor-widget elementor-widget-image\" data-id=\"7f57b6a\" data-element_type=\"widget\" data-widget_type=\"image.default\">\n\t\t\t\t<div class=\"elementor-widget-container\">\n\t\t\t\t\t\t\t\t\t\t\t\t\t\t\t<img decoding=\"async\" width=\"683\" height=\"1024\" src=\"https:\/\/marbelladentalarts.com\/wp-content\/uploads\/2023\/09\/IMG_5869-1-683x1024.jpg\" class=\"attachment-large size-large wp-image-3043\" alt=\"\" srcset=\"https:\/\/marbelladentalarts.com\/wp-content\/uploads\/2023\/09\/IMG_5869-1-683x1024.jpg 683w, https:\/\/marbelladentalarts.com\/wp-content\/uploads\/2023\/09\/IMG_5869-1-200x300.jpg 200w, https:\/\/marbelladentalarts.com\/wp-content\/uploads\/2023\/09\/IMG_5869-1-768x1152.jpg 768w, https:\/\/marbelladentalarts.com\/wp-content\/uploads\/2023\/09\/IMG_5869-1-1024x1536.jpg 1024w, https:\/\/marbelladentalarts.com\/wp-content\/uploads\/2023\/09\/IMG_5869-1-1365x2048.jpg 1365w, https:\/\/marbelladentalarts.com\/wp-content\/uploads\/2023\/09\/IMG_5869-1-scaled.jpg 1707w\" sizes=\"(max-width: 683px) 100vw, 683px\" \/>\t\t\t\t\t\t\t\t\t\t\t\t\t\t\t<\/div>\n\t\t\t\t<\/div>\n\t\t\t\t\t<\/div>\n\t\t<\/div>\n\t\t\t\t\t<\/div>\n\t\t<\/section>\n\t\t\t\t<\/div>\n\t\t","protected":false},"excerpt":{"rendered":"<p>Alice Streifinger Profilaxis Dental Nac\u00ed el 27 de Septiembre de 1959. Desde siempre me ha interesado todo lo relacionado con la medicina y la salud de las personas. Entre 1978 [&hellip;]<\/p>\n","protected":false},"author":1,"featured_media":0,"parent":0,"menu_order":0,"comment_status":"closed","ping_status":"closed","template":"","meta":{"site-sidebar-layout":"no-sidebar","site-content-layout":"page-builder","ast-site-content-layout":"full-width-container","site-content-style":"unboxed","site-sidebar-style":"unboxed","ast-global-header-display":"","ast-banner-title-visibility":"","ast-main-header-display":"","ast-hfb-above-header-display":"","ast-hfb-below-header-display":"","ast-hfb-mobile-header-display":"","site-post-title":"disabled","ast-breadcrumbs-content":"","ast-featured-img":"disabled","footer-sml-layout":"","theme-transparent-header-meta":"default","adv-header-id-meta":"","stick-header-meta":"","header-above-stick-meta":"","header-main-stick-meta":"","header-below-stick-meta":"","astra-migrate-meta-layouts":"default","ast-page-background-enabled":"default","ast-page-background-meta":{"desktop":{"background-color":"","background-image":"","background-repeat":"repeat","background-position":"center center","background-size":"auto","background-attachment":"scroll","background-type":"","background-media":"","overlay-type":"","overlay-color":"","overlay-opacity":"","overlay-gradient":""},"tablet":{"background-color":"","background-image":"","background-repeat":"repeat","background-position":"center center","background-size":"auto","background-attachment":"scroll","background-type":"","background-media":"","overlay-type":"","overlay-color":"","overlay-opacity":"","overlay-gradient":""},"mobile":{"background-color":"","background-image":"","background-repeat":"repeat","background-position":"center center","background-size":"auto","background-attachment":"scroll","background-type":"","background-media":"","overlay-type":"","overlay-color":"","overlay-opacity":"","overlay-gradient":""}},"ast-content-background-meta":{"desktop":{"background-color":"var(--ast-global-color-5)","background-image":"","background-repeat":"repeat","background-position":"center center","background-size":"auto","background-attachment":"scroll","background-type":"","background-media":"","overlay-type":"","overlay-color":"","overlay-opacity":"","overlay-gradient":""},"tablet":{"background-color":"var(--ast-global-color-5)","background-image":"","background-repeat":"repeat","background-position":"center center","background-size":"auto","background-attachment":"scroll","background-type":"","background-media":"","overlay-type":"","overlay-color":"","overlay-opacity":"","overlay-gradient":""},"mobile":{"background-color":"var(--ast-global-color-5)","background-image":"","background-repeat":"repeat","background-position":"center center","background-size":"auto","background-attachment":"scroll","background-type":"","background-media":"","overlay-type":"","overlay-color":"","overlay-opacity":"","overlay-gradient":""}},"footnotes":""},"class_list":["post-2214","page","type-page","status-publish","hentry"],"yoast_head":"<!-- This site is optimized with the Yoast SEO plugin v26.4 - https:\/\/yoast.com\/wordpress\/plugins\/seo\/ -->\n<title>Alice Streifinger - Marbella Dental Arts<\/title>\n<meta name=\"robots\" content=\"index, follow, max-snippet:-1, max-image-preview:large, max-video-preview:-1\" \/>\n<link rel=\"canonical\" href=\"https:\/\/marbelladentalarts.com\/es\/alice-streifinger\/\" \/>\n<meta property=\"og:locale\" content=\"es_ES\" \/>\n<meta property=\"og:type\" content=\"article\" \/>\n<meta property=\"og:title\" content=\"Alice Streifinger - Marbella Dental Arts\" \/>\n<meta property=\"og:description\" content=\"Alice Streifinger Profilaxis Dental Nac\u00ed el 27 de Septiembre de 1959. Desde siempre me ha interesado todo lo relacionado con la medicina y la salud de las personas. Entre 1978 [&hellip;]\" \/>\n<meta property=\"og:url\" content=\"https:\/\/marbelladentalarts.com\/es\/alice-streifinger\/\" \/>\n<meta property=\"og:site_name\" content=\"Marbella Dental Arts\" \/>\n<meta property=\"article:publisher\" content=\"https:\/\/es-es.facebook.com\/marbelladentalarts\/\" \/>\n<meta property=\"article:modified_time\" content=\"2023-09-22T13:19:57+00:00\" \/>\n<meta property=\"og:image\" content=\"https:\/\/marbelladentalarts.com\/wp-content\/uploads\/2023\/09\/IMG_5860-683x1024.jpg\" \/>\n<meta name=\"twitter:card\" content=\"summary_large_image\" \/>\n<meta name=\"twitter:label1\" content=\"Tiempo de lectura\" \/>\n\t<meta name=\"twitter:data1\" content=\"1 minuto\" \/>\n<script type=\"application\/ld+json\" class=\"yoast-schema-graph\">{\"@context\":\"https:\/\/schema.org\",\"@graph\":[{\"@type\":\"WebPage\",\"@id\":\"https:\/\/marbelladentalarts.com\/es\/alice-streifinger\/\",\"url\":\"https:\/\/marbelladentalarts.com\/es\/alice-streifinger\/\",\"name\":\"Alice Streifinger - Marbella Dental Arts\",\"isPartOf\":{\"@id\":\"https:\/\/marbelladentalarts.com\/es\/#website\"},\"primaryImageOfPage\":{\"@id\":\"https:\/\/marbelladentalarts.com\/es\/alice-streifinger\/#primaryimage\"},\"image\":{\"@id\":\"https:\/\/marbelladentalarts.com\/es\/alice-streifinger\/#primaryimage\"},\"thumbnailUrl\":\"https:\/\/marbelladentalarts.com\/wp-content\/uploads\/2023\/09\/IMG_5860-683x1024.jpg\",\"datePublished\":\"2021-04-28T16:00:46+00:00\",\"dateModified\":\"2023-09-22T13:19:57+00:00\",\"breadcrumb\":{\"@id\":\"https:\/\/marbelladentalarts.com\/es\/alice-streifinger\/#breadcrumb\"},\"inLanguage\":\"es\",\"potentialAction\":[{\"@type\":\"ReadAction\",\"target\":[\"https:\/\/marbelladentalarts.com\/es\/alice-streifinger\/\"]}]},{\"@type\":\"ImageObject\",\"inLanguage\":\"es\",\"@id\":\"https:\/\/marbelladentalarts.com\/es\/alice-streifinger\/#primaryimage\",\"url\":\"https:\/\/marbelladentalarts.com\/wp-content\/uploads\/2023\/09\/IMG_5860-683x1024.jpg\",\"contentUrl\":\"https:\/\/marbelladentalarts.com\/wp-content\/uploads\/2023\/09\/IMG_5860-683x1024.jpg\"},{\"@type\":\"BreadcrumbList\",\"@id\":\"https:\/\/marbelladentalarts.com\/es\/alice-streifinger\/#breadcrumb\",\"itemListElement\":[{\"@type\":\"ListItem\",\"position\":1,\"name\":\"Portada\",\"item\":\"https:\/\/marbelladentalarts.com\/es\/\"},{\"@type\":\"ListItem\",\"position\":2,\"name\":\"Alice Streifinger\"}]},{\"@type\":\"WebSite\",\"@id\":\"https:\/\/marbelladentalarts.com\/es\/#website\",\"url\":\"https:\/\/marbelladentalarts.com\/es\/\",\"name\":\"Marbella Dental Arts\",\"description\":\"\",\"publisher\":{\"@id\":\"https:\/\/marbelladentalarts.com\/es\/#organization\"},\"potentialAction\":[{\"@type\":\"SearchAction\",\"target\":{\"@type\":\"EntryPoint\",\"urlTemplate\":\"https:\/\/marbelladentalarts.com\/es\/?s={search_term_string}\"},\"query-input\":{\"@type\":\"PropertyValueSpecification\",\"valueRequired\":true,\"valueName\":\"search_term_string\"}}],\"inLanguage\":\"es\"},{\"@type\":\"Organization\",\"@id\":\"https:\/\/marbelladentalarts.com\/es\/#organization\",\"name\":\"Marbella Dental Arts\",\"url\":\"https:\/\/marbelladentalarts.com\/es\/\",\"logo\":{\"@type\":\"ImageObject\",\"inLanguage\":\"es\",\"@id\":\"https:\/\/marbelladentalarts.com\/es\/#\/schema\/logo\/image\/\",\"url\":\"https:\/\/marbelladentalarts.com\/wp-content\/uploads\/2023\/06\/cropped-logo-cdarts.png\",\"contentUrl\":\"https:\/\/marbelladentalarts.com\/wp-content\/uploads\/2023\/06\/cropped-logo-cdarts.png\",\"width\":222,\"height\":88,\"caption\":\"Marbella Dental Arts\"},\"image\":{\"@id\":\"https:\/\/marbelladentalarts.com\/es\/#\/schema\/logo\/image\/\"},\"sameAs\":[\"https:\/\/es-es.facebook.com\/marbelladentalarts\/\",\"https:\/\/www.instagram.com\/marbelladentalarts\/\"]}]}<\/script>\n<!-- \/ Yoast SEO plugin. -->","yoast_head_json":{"title":"Alice Streifinger - Marbella Dental Arts","robots":{"index":"index","follow":"follow","max-snippet":"max-snippet:-1","max-image-preview":"max-image-preview:large","max-video-preview":"max-video-preview:-1"},"canonical":"https:\/\/marbelladentalarts.com\/es\/alice-streifinger\/","og_locale":"es_ES","og_type":"article","og_title":"Alice Streifinger - Marbella Dental Arts","og_description":"Alice Streifinger Profilaxis Dental Nac\u00ed el 27 de Septiembre de 1959. Desde siempre me ha interesado todo lo relacionado con la medicina y la salud de las personas. Entre 1978 [&hellip;]","og_url":"https:\/\/marbelladentalarts.com\/es\/alice-streifinger\/","og_site_name":"Marbella Dental Arts","article_publisher":"https:\/\/es-es.facebook.com\/marbelladentalarts\/","article_modified_time":"2023-09-22T13:19:57+00:00","og_image":[{"url":"https:\/\/marbelladentalarts.com\/wp-content\/uploads\/2023\/09\/IMG_5860-683x1024.jpg","type":"","width":"","height":""}],"twitter_card":"summary_large_image","twitter_misc":{"Tiempo de lectura":"1 minuto"},"schema":{"@context":"https:\/\/schema.org","@graph":[{"@type":"WebPage","@id":"https:\/\/marbelladentalarts.com\/es\/alice-streifinger\/","url":"https:\/\/marbelladentalarts.com\/es\/alice-streifinger\/","name":"Alice Streifinger - Marbella Dental Arts","isPartOf":{"@id":"https:\/\/marbelladentalarts.com\/es\/#website"},"primaryImageOfPage":{"@id":"https:\/\/marbelladentalarts.com\/es\/alice-streifinger\/#primaryimage"},"image":{"@id":"https:\/\/marbelladentalarts.com\/es\/alice-streifinger\/#primaryimage"},"thumbnailUrl":"https:\/\/marbelladentalarts.com\/wp-content\/uploads\/2023\/09\/IMG_5860-683x1024.jpg","datePublished":"2021-04-28T16:00:46+00:00","dateModified":"2023-09-22T13:19:57+00:00","breadcrumb":{"@id":"https:\/\/marbelladentalarts.com\/es\/alice-streifinger\/#breadcrumb"},"inLanguage":"es","potentialAction":[{"@type":"ReadAction","target":["https:\/\/marbelladentalarts.com\/es\/alice-streifinger\/"]}]},{"@type":"ImageObject","inLanguage":"es","@id":"https:\/\/marbelladentalarts.com\/es\/alice-streifinger\/#primaryimage","url":"https:\/\/marbelladentalarts.com\/wp-content\/uploads\/2023\/09\/IMG_5860-683x1024.jpg","contentUrl":"https:\/\/marbelladentalarts.com\/wp-content\/uploads\/2023\/09\/IMG_5860-683x1024.jpg"},{"@type":"BreadcrumbList","@id":"https:\/\/marbelladentalarts.com\/es\/alice-streifinger\/#breadcrumb","itemListElement":[{"@type":"ListItem","position":1,"name":"Portada","item":"https:\/\/marbelladentalarts.com\/es\/"},{"@type":"ListItem","position":2,"name":"Alice Streifinger"}]},{"@type":"WebSite","@id":"https:\/\/marbelladentalarts.com\/es\/#website","url":"https:\/\/marbelladentalarts.com\/es\/","name":"Marbella Dental Arts","description":"","publisher":{"@id":"https:\/\/marbelladentalarts.com\/es\/#organization"},"potentialAction":[{"@type":"SearchAction","target":{"@type":"EntryPoint","urlTemplate":"https:\/\/marbelladentalarts.com\/es\/?s={search_term_string}"},"query-input":{"@type":"PropertyValueSpecification","valueRequired":true,"valueName":"search_term_string"}}],"inLanguage":"es"},{"@type":"Organization","@id":"https:\/\/marbelladentalarts.com\/es\/#organization","name":"Marbella Dental Arts","url":"https:\/\/marbelladentalarts.com\/es\/","logo":{"@type":"ImageObject","inLanguage":"es","@id":"https:\/\/marbelladentalarts.com\/es\/#\/schema\/logo\/image\/","url":"https:\/\/marbelladentalarts.com\/wp-content\/uploads\/2023\/06\/cropped-logo-cdarts.png","contentUrl":"https:\/\/marbelladentalarts.com\/wp-content\/uploads\/2023\/06\/cropped-logo-cdarts.png","width":222,"height":88,"caption":"Marbella Dental Arts"},"image":{"@id":"https:\/\/marbelladentalarts.com\/es\/#\/schema\/logo\/image\/"},"sameAs":["https:\/\/es-es.facebook.com\/marbelladentalarts\/","https:\/\/www.instagram.com\/marbelladentalarts\/"]}]}},"_links":{"self":[{"href":"https:\/\/marbelladentalarts.com\/es\/wp-json\/wp\/v2\/pages\/2214","targetHints":{"allow":["GET"]}}],"collection":[{"href":"https:\/\/marbelladentalarts.com\/es\/wp-json\/wp\/v2\/pages"}],"about":[{"href":"https:\/\/marbelladentalarts.com\/es\/wp-json\/wp\/v2\/types\/page"}],"author":[{"embeddable":true,"href":"https:\/\/marbelladentalarts.com\/es\/wp-json\/wp\/v2\/users\/1"}],"replies":[{"embeddable":true,"href":"https:\/\/marbelladentalarts.com\/es\/wp-json\/wp\/v2\/comments?post=2214"}],"version-history":[{"count":15,"href":"https:\/\/marbelladentalarts.com\/es\/wp-json\/wp\/v2\/pages\/2214\/revisions"}],"predecessor-version":[{"id":3053,"href":"https:\/\/marbelladentalarts.com\/es\/wp-json\/wp\/v2\/pages\/2214\/revisions\/3053"}],"wp:attachment":[{"href":"https:\/\/marbelladentalarts.com\/es\/wp-json\/wp\/v2\/media?parent=2214"}],"curies":[{"name":"wp","href":"https:\/\/api.w.org\/{rel}","templated":true}]}}